{"id":46,"date":"2019-12-30T22:07:44","date_gmt":"2019-12-30T22:07:44","guid":{"rendered":"https:\/\/cappa.ca\/conference\/2020\/?page_id=46"},"modified":"2020-01-13T19:40:14","modified_gmt":"2020-01-13T19:40:14","slug":"appel-de-communications","status":"publish","type":"page","link":"https:\/\/cappa.ca\/conference\/2020\/fr\/appel-de-communications\/","title":{"rendered":"Appel de communications"},"content":{"rendered":"<h4><em>d\u00e9lai prolong\u00e9 24 January 2020<\/em><\/h4>\n<p>Le Comit\u00e9 de programme vous invite \u00e0 soumettre des propositions de communications et de panels individuels sur tout aspect de la gestion publique, de la gouvernance et des politiques publiques. Nous encourageons les propositions dans les deux langues officielles. Les \u00e9tudiants des cycles sup\u00e9rieurs et les chercheurs non issus du monde universitaire sont \u00e9galement invit\u00e9s \u00e0 pr\u00e9senter leurs travaux \u00e0 la conf\u00e9rence.<\/p>\n<p><strong>\u00a0<\/strong><\/p>\n<h2>Th\u00e8me<\/h2>\n<p><strong><em>\u00a0<\/em><\/strong><\/p>\n<p><strong><em>Clivages et paradoxes dans l&#8217;administration publique : D\u00e9fis ou opportunit\u00e9s ?<\/em><\/strong><\/p>\n<p>Cette ann\u00e9e, la conf\u00e9rence de l\u2019ACPAP se tiendra dans le cadre du Congr\u00e8s des sciences humaines et sociales, 31 mai \u2013 02 juin 2020. Tout en \u00e9tant ouverts \u00e0 tous les domaines de recherche, nous encourageons la soumission d&#8217;articles et de panels li\u00e9s au th\u00e8me g\u00e9n\u00e9ral du Congr\u00e8s qui porte sur l\u2019id\u00e9e de b\u00e2tir des passerelles (<a href=\"http:\/\/www.congress2020.ca\/about#theme\">http:\/\/www.congress2020.ca\/about#theme<\/a>).<\/p>\n<p>&nbsp;<\/p>\n<p>Dans l\u2019administration publique, les clivages donnent souvent lieu \u00e0 des paradoxes. Ceux-ci s&#8217;incarnent dans la gestion de nos institutions publiques et dans les politiques publiques qu&#8217;elles produisent. Ils sont pr\u00e9sents entre les repr\u00e9sentants \u00e9lus et les administrateurs (p. ex., prise de d\u00e9cision versus mise en \u0153uvre), entre le gouvernement comme employeur et les fonctionnaires comme employ\u00e9s (p. ex., contr\u00f4le versus d\u00e9centralisation), et entre le gouvernement et les acteurs sociaux int\u00e9ress\u00e9s et cibl\u00e9s par les politiques publiques (p. ex., expertise bureaucratique versus coproduction des savoirs). Bref, les paradoxes sont omnipr\u00e9sents dans la pratique et l&#8217;\u00e9tude de l&#8217;administration publique et constituent un important domaine de recherche. Les soumissions qui se concentrent sur ces paradoxes sont particuli\u00e8rement encourag\u00e9es, bien que tout autre sujet sugg\u00e9r\u00e9 soit le bienvenu.<\/p>\n<p>&nbsp;<\/p>\n<p>\u00c9tant donn\u00e9 que la conf\u00e9rence est organis\u00e9e par le Programme des Gouvernements Locaux (PGL) de l&#8217;Universit\u00e9 Western, nous invitons \u00e9galement fortement les participants \u00e0 soumettre des communications portant sur les administrations municipales et autres administrations locales.<\/p>\n<p><strong>\u00a0<\/strong><\/p>\n<h2>Soumissions<\/h2>\n<p><em>\u00a0<\/em><\/p>\n<p><em>Propositions de la commission<\/em><\/p>\n<p>Les propositions de panels devraient consister en trois ou quatre communications traitant du th\u00e8me de la conf\u00e9rence ou d&#8217;un probl\u00e8me commun. Elles doivent \u00eatre soumises par une seule personne au nom de l&#8217;ensemble du panel.\u00a0 Les soumissions doivent inclure :<\/p>\n<ol>\n<li>le nom, le poste et l&#8217;affiliation institutionnelle des membres du panel (maximum 100 mots) ;<\/li>\n<li>une br\u00e8ve description du th\u00e8me du panel (150 mots maximum) ; et<\/li>\n<li>un r\u00e9sum\u00e9 pour chaque article (250 mots).<\/li>\n<\/ol>\n<p><em>\u00a0<\/em><\/p>\n<p><em>Articles individuels<\/em><\/p>\n<p>Les propositions de communications individuelles devraient explorer des questions th\u00e9oriques, m\u00e9thodologiques ou empiriques li\u00e9es \u00e0 la gestion publique, \u00e0 la gouvernance, aux politiques publiques et\/ou au th\u00e8me de la conf\u00e9rence. Les soumissions doivent inclure :<\/p>\n<ol>\n<li>le nom, le poste et l&#8217;affiliation institutionnelle du chercheur (maximum 100 mots) ; et<\/li>\n<li>un r\u00e9sum\u00e9 (250 mots) de la communication propos\u00e9e. Le comit\u00e9 de programme organisera les propositions individuelles en divers panels.<\/li>\n<\/ol>\n<p><em>\u00a0<\/em><\/p>\n<p><em>Atelier conjoint CAPPA\/ASPC<\/em><\/p>\n<p><strong><em>\u00a0<\/em><\/strong><\/p>\n<p><strong><em>L&#8217;administration publique confront\u00e9e \u00e0 des clivages politiques<\/em><\/strong><\/p>\n<p>En partenariat avec l&#8217;Association canadienne de science politique (AFPC), nous sollicitons \u00e9galement des propositions de communications pour un atelier conjoint qui se tiendra dans le cadre de la conf\u00e9rence. Cet atelier explore comment l&#8217;administration publique au Canada est affect\u00e9e par les divisions raciales, coloniales, sexuelles, nationales, religieuses et de classe. Ces divisions se font sentir tant dans la gestion quotidienne de l&#8217;administration publique que dans les questions auxquelles les politiques publiques sont appel\u00e9es \u00e0 r\u00e9pondre. Plus de d\u00e9tails sur le th\u00e8me de l&#8217;atelier se trouvent \u00e0 la fin de l&#8217;appel \u00e0 communications.<\/p>\n<p>&nbsp;<\/p>\n<p>L&#8217;ordre du jour des ateliers sera \u00e9tabli \u00e0 partir des r\u00e9ponses aux appels de communications de l&#8217;AFPC et de l&#8217;ACPP. Les propositions pour les ateliers doivent inclure :<\/p>\n<ol>\n<li>le nom, le poste et l&#8217;affiliation institutionnelle du chercheur (maximum 100 mots) ; et<\/li>\n<li>un r\u00e9sum\u00e9 (250 mots) de l\u2019atelier propos\u00e9.<\/li>\n<\/ol>\n<p><strong>\u00a0<\/strong><\/p>\n<h2>Dates importantes<\/h2>\n<p>&nbsp;<\/p>\n<p>Toutes les propositions doivent \u00eatre soumises en format doc, docx ou pdf par courriel \u00e0 <a href=\"mailto:conference@cappa.ca\">conference@cappa.ca<\/a> avant le vendredi 10 janvier 2020. Les questions doivent \u00eatre adress\u00e9es \u00e0 ces m\u00eames adresse.<\/p>\n<p>&nbsp;<\/p>\n<p>Les avis d&#8217;acceptation seront envoy\u00e9s par le comit\u00e9 de programme d&#8217;ici le vendredi 21 f\u00e9vrier 2020.<\/p>\n<p>Tous les conf\u00e9renciers invit\u00e9s doivent r\u00e9pondre par un avis d&#8217;intention au plus tard le lundi 9 mars 2020 et s&#8217;inscrire \u00e0 la conf\u00e9rence\/congr\u00e8s de l&#8217;ACPPA avant la date limite d&#8217;inscription h\u00e2tive du mardi 31 mars 2020.<\/p>\n<p><strong>\u00a0<\/strong><\/p>\n<p><strong>Informations compl\u00e9mentaires sur l&#8217;atelier conjoint :<\/strong><\/p>\n<p><strong>ATELIER 10<\/strong><\/p>\n<p><strong>TOPIC : L&#8217;administration publique confront\u00e9e \u00e0 des clivages politiques<\/strong><\/p>\n<p>ORGANISATEUR<\/p>\n<p>Jean-Fran\u00e7ois Savard (Chef de la Section de l&#8217;administration publique de l&#8217;AFPC\/CAPPA &#8211; ENAP)<\/p>\n<p>&nbsp;<\/p>\n<p>Le type id\u00e9al d&#8217;administration publique, tel que nous l&#8217;entendons au Canada, sugg\u00e8re qu&#8217;elle devrait \u00eatre politiquement neutre et servir le gouvernement (et, dans une certaine mesure, le Parlement). Sans contester l&#8217;importance d&#8217;une administration publique politiquement neutre, nous reconnaissons, comme le d\u00e9montre clairement Donald Savoie (2003), qu&#8217;elle n&#8217;est pas \u00e0 l&#8217;abri des pressions politiques et sociales, dont les sources peuvent provenir de l&#8217;administration publique ou de l&#8217;ext\u00e9rieur. Ces pressions peuvent \u00e0 la fois r\u00e9v\u00e9ler et g\u00e9n\u00e9rer des divisions politiques et sociales. S&#8217;inspirant du th\u00e8me de la conf\u00e9rence de l&#8217;AFPC de cette ann\u00e9e, cet atelier explore comment l&#8217;administration publique au Canada et les politiques qu&#8217;elle met en \u0153uvre r\u00e9pondent aux diverses divisions politiques qui les touchent. Ces divisions se font sentir tant dans la gestion quotidienne de l&#8217;administration publique que dans les questions auxquelles les politiques publiques sont appel\u00e9es \u00e0 r\u00e9pondre.<\/p>\n<p>&nbsp;<\/p>\n<p>Cet atelier se veut un moment de r\u00e9flexion sur ces clivages et sur les actions que l&#8217;administration publique entreprend soit par des programmes ou des r\u00e8gles internes, soit par ses politiques publiques. Cet atelier s&#8217;int\u00e9resse \u00e0 la fois aux clivages traditionnels et aux clivages \u00e9mergents, voire latents. L&#8217;objectif est de montrer que l&#8217;administration publique est loin d&#8217;\u00eatre une machine technique d\u00e9sincarn\u00e9e de la soci\u00e9t\u00e9 dont elle est issue, mais constitue plut\u00f4t une entit\u00e9 qui joue un r\u00f4le social important en reconnaissant les divisions politiques et en les d\u00e9construisant pour mieux les comprendre et apporter des solutions mises en \u0153uvre tant dans la structure m\u00eame de l&#8217;administration publique que dans la soci\u00e9t\u00e9.<\/p>\n<p>&nbsp;<\/p>\n<p>Les th\u00e8mes possibles pour les communications et les panels peuvent inclure, mais ne sont pas limit\u00e9s \u00e0 ce qui suit :<\/p>\n<p>&#8211; Administration publique et questions autochtones<\/p>\n<p>&#8211; Administration publique et clivages politiques dans la sph\u00e8re num\u00e9rique<\/p>\n<p>&#8211; Administration publique et clivages traditionnels<\/p>\n<p>&#8211; L&#8217;administration publique et les fractures \u00e9mergentes<\/p>\n<p>&#8211; Le r\u00f4le des politiques publiques dans la gestion des clivages politiques<\/p>\n<p>&nbsp;<\/p>\n","protected":false},"excerpt":{"rendered":"<div class=\"entry-summary\">\nd\u00e9lai prolong\u00e9 24 January 2020 Le Comit\u00e9 de programme vous invite \u00e0 soumettre des propositions de communications et de panels individuels sur tout aspect de la gestion publique, de la gouvernance et des politiques publiques. Nous encourageons les propositions dans&hellip;\n<\/div>\n<div class=\"link-more\"><a href=\"https:\/\/cappa.ca\/conference\/2020\/fr\/appel-de-communications\/\" class=\"more-link\">Continue reading<span class=\"screen-reader-text\"> &ldquo;Appel de communications&rdquo;<\/span>&hellip;<\/a><\/div>\n","protected":false},"author":1,"featured_media":0,"parent":42,"menu_order":0,"comment_status":"closed","ping_status":"closed","template":"","meta":{"footnotes":""},"class_list":["post-46","page","type-page","status-publish","hentry","entry"],"_links":{"self":[{"href":"https:\/\/cappa.ca\/conference\/2020\/wp-json\/wp\/v2\/pages\/46","targetHints":{"allow":["GET"]}}],"collection":[{"href":"https:\/\/cappa.ca\/conference\/2020\/wp-json\/wp\/v2\/pages"}],"about":[{"href":"https:\/\/cappa.ca\/conference\/2020\/wp-json\/wp\/v2\/types\/page"}],"author":[{"embeddable":true,"href":"https:\/\/cappa.ca\/conference\/2020\/wp-json\/wp\/v2\/users\/1"}],"replies":[{"embeddable":true,"href":"https:\/\/cappa.ca\/conference\/2020\/wp-json\/wp\/v2\/comments?post=46"}],"version-history":[{"count":2,"href":"https:\/\/cappa.ca\/conference\/2020\/wp-json\/wp\/v2\/pages\/46\/revisions"}],"predecessor-version":[{"id":78,"href":"https:\/\/cappa.ca\/conference\/2020\/wp-json\/wp\/v2\/pages\/46\/revisions\/78"}],"up":[{"embeddable":true,"href":"https:\/\/cappa.ca\/conference\/2020\/wp-json\/wp\/v2\/pages\/42"}],"wp:attachment":[{"href":"https:\/\/cappa.ca\/conference\/2020\/wp-json\/wp\/v2\/media?parent=46"}],"curies":[{"name":"wp","href":"https:\/\/api.w.org\/{rel}","templated":true}]}}